{"id":92771,"date":"2024-10-02T18:13:10","date_gmt":"2024-10-02T16:13:10","guid":{"rendered":"https:\/\/visitstg2.visitbergamo.net\/guarda-equipajes\/"},"modified":"2025-05-11T16:58:54","modified_gmt":"2025-05-11T14:58:54","slug":"guarda-equipajes","status":"publish","type":"page","link":"https:\/\/visit.valueservice.cloud\/es\/guarda-equipajes\/","title":{"rendered":"Guarda equipajes"},"content":{"rendered":"","protected":false},"excerpt":{"rendered":"","protected":false},"author":7,"featured_media":0,"parent":0,"menu_order":0,"comment_status":"closed","ping_status":"closed","template":"","meta":{"_acf_changed":false,"footnotes":""},"class_list":["post-92771","page","type-page","status-publish","hentry"],"acf":{"hero_type":"images","video_youtube_url":"","video_vimeo_url":"","size":"full","hero_title":"","hero_text":"","hero_random_sort":false,"slides":[{"image":80372,"video":"","video_mobile":"","video_with_audio":false,"duration_ms":"","title":"","text":"","hero_slide_buttons":{"buttons":null},"slide_buttons":null,"b2b_register_button":false,"formb2b":{"button_text":"","form_b2b":null}}],"hero_buttons_group":{"buttons":null},"hero_buttons":null,"filotto_no_overlay":false,"filotto_title":"Guarda equipajes","filotto_sub":"","filotto_layout":"scroll","filotto_fill":"manual","filotto_items":null,"filotto_fill_conditions":{"or_filter":null,"only_ambassadors":false,"max_elements":0,"show_total":false,"see_all":false,"custom_show_all_page":null,"order_by":"","order_way":""},"modals":null,"type":null,"modules":[{"acf_fc_layout":"two_columns_module","tcm_title":{"title_text":"En la Baja B\u00e9rgamo"},"tcm_ui":null,"tcm_content":[{"acf_fc_layout":"text","text":"<p class=\"p1\">En las estaciones de tren y autob\u00fas hay varios servicios de consigna de equipajes. Tambi\u00e9n hay un nuevo servicio en Porta Nuova, en el coraz\u00f3n de Citt\u00e0 Bassa.<\/p>\r\n\r\n<ul>\r\n \t<li><span style=\"font-weight: 400;\">En el edificio situado a la derecha de la estaci\u00f3n de tren, detr\u00e1s del punto de informaci\u00f3n tur\u00edstica.\r\nCoste: Coste: 4 euros las 4 primeras horas + 1 euro de la 5\u00aa a la 12\u00aa hora + 0,50 euros a partir de la 13\u00aa hora\r\n<span style=\"text-decoration: underline;\">Horario<\/span>:\r\n<\/span><span style=\"font-weight: 400;\"><strong>de lunes a domingo<\/strong><\/span> |07:00-20:00\r\n<span style=\"font-weight: 400;\">El equipaje se puede dejar y recoger al d\u00eda siguiente. <\/span>Cuando el empleado del mostrador est\u00e9 ausente por el servicio de discapacitados de la estaci\u00f3n, puedes llamar al 366 5940993.<\/li>\r\n<\/ul>\r\n<ul>\r\n \t<li><b>Estaci\u00f3n de ferrocarril - Quiosco 69<\/b>\r\n<span style=\"font-weight: 400;\"><span style=\"text-decoration: underline;\">Coste<\/span>: 5,00 \u20ac por d\u00eda para cualquier equipaje <\/span>\r\n<span style=\"text-decoration: underline;\">Horario<\/span>:\r\n<strong>De lunes a s\u00e1bado<\/strong> de 6.30 a 19.00 h.\r\n<strong>Dom<\/strong> | 9\/9:30 a.m.-7 p.m.\r\nDep\u00f3sito s\u00f3lo para ese d\u00eda. Recogida antes de las 19 h o cuando cierre el quiosco.<\/li>\r\n<\/ul>\r\n<ul>\r\n \t<li style=\"font-weight: 400;\" aria-level=\"1\"><b>Estaci\u00f3n de autobuses: BERGAMO LOCKERS\r\n<\/b><a href=\"http:\/\/www.bergamolockers.it\" target=\"_blank\" rel=\"noopener\">www.bergamolockers.it<\/a>\r\nDentro y fuera de la estaci\u00f3n de autobuses. Las taquillas son de distintos tama\u00f1os y tienen distintos precios. La taquilla interior cierra a las 19:30, mientras que la exterior est\u00e1 siempre accesible (24h).\r\nPara cualquier eventualidad, ponte en contacto con el bar de la estaci\u00f3n de autobuses.<\/li>\r\n<\/ul>\r\n<ul>\r\n \t<li aria-level=\"1\">Estaci\u00f3n de autobuses<strong>: Taquillas Bounce<\/strong>\r\nDentro de la estaci\u00f3n de autobuses. Reserva en <a href=\"https:\/\/bounce.com\/it\/s\/location\/ed61be5e-26f6-4c20-9727-f8c266d905de?query=Bergamo+BG%2C+ItaliaselectedStoreId=ed61be5e-26f6-4c20-9727-f8c266d905destandardBags=2compactBags=0oddsizeBags=0couponCode=bags=from=to=\" target=\"_blank\" rel=\"noopener\">bounce.com\/Bergamostation<\/a><\/li>\r\n<\/ul>\r\n<ul>\r\n \t<li aria-level=\"1\"><strong>Porta Nuova: Taquillas<\/strong> <a href=\"https:\/\/bounce.com\/it\/s\/location\/ded84450-7877-410d-aa4f-b0d1f122b70f?query=Bergamo+BG%2C+ItaliaselectedStoreId=ded84450-7877-410d-aa4f-b0d1f122b70fstandardBags=2compactBags=0oddsizeBags=0couponCode=bags=from=to=\" target=\"_blank\" rel=\"noopener\">Bounce<\/a>\r\nVia Tiraboschi 44. Reserva en <a href=\"http:\/\/bounce.com\/PortaNuova\">bounce.com\/PortaNuova<\/a><\/li>\r\n<\/ul>"}]},{"acf_fc_layout":"two_columns_module","tcm_title":{"title_text":"En B\u00e9rgamo Alta"},"tcm_ui":null,"tcm_content":[{"acf_fc_layout":"text","text":"Tambi\u00e9n hay varias opciones en la Ciudad Alta:\r\n<ul>\r\n \t<li><strong>Torre Adalbert<\/strong>, con taquillas peque\u00f1as y medianas.\r\n<span style=\"text-decoration: underline;\">Coste<\/span>: 5 euros por equipaje peque\u00f1o, 10 euros por equipaje mediano\/grande.\r\n<span style=\"text-decoration: underline;\">Horario<\/span>:\r\n<strong>del 1 de abril al 30 de septiembre<\/strong>, de domingo a jueves | 9:00-20:30\r\nde viernes a s\u00e1bado y festivos | 9:00-22:00\r\n<b>del 1 de octubre al 31<\/b> de marzo, de lunes a domingo y festivos | 09:00- 18:45\r\n<a href=\"https:\/\/www.easylockersbergamo.it\/lockers-bagagli-bergamo-citta-alta\/\" target=\"_blank\" rel=\"noopener\">www.easylockersbergamo.it<\/a> | +39 351 5170881 - whatsapp +39 340 94 99 702 | <a href=\"mailto:info@EasyLockersBergamo.it\" target=\"_blank\" rel=\"noopener\">info@EasyLockersBergamo.it<\/a>\r\n<b><\/b><\/li>\r\n<\/ul>\r\n<ul>\r\n \t<li><b>Shop Prelibatessen<\/b>, via Mario Lupo 12A\r\nPara reservar, elige el punto Shop Bergamo Cathedral en <a href=\"https:\/\/radicalstorage.com\/luggage-storage\/bergamo#\" target=\"_blank\" rel=\"noopener\">radicalstorage.com\/luggage-storage\/bergamo<\/a>, indicando el d\u00eda, la hora, el n\u00famero de bolsas y procediendo al pago en l\u00ednea.\r\n<span style=\"text-decoration: underline;\">Horario<\/span>: abierto todos los d\u00edas, de 9.00 a 19.30 h aprox.\r\n<span style=\"text-decoration: underline;\">Coste<\/span>: 5 euros por bolsa + 1,75 euros por cobertura de bolsa y cancelaci\u00f3n gratuita<\/li>\r\n<\/ul>\r\n<ul>\r\n \t<li><b>Dep\u00f3sito en <em>la Agencia So Easy<\/em><\/b>, via Mario Lupo 10A\r\nPuedes reservar en l\u00ednea en <a href=\"https:\/\/radicalstorage.com\/luggage-storage\/bergamo#\" target=\"_blank\" rel=\"noopener\">radicalstorage.com\/luggage-storage\/bergamo<\/a> (eligiendo el punto llamado Piazza Vecchia Bergamo Alta) o ir directamente al sitio.\r\n<span style=\"text-decoration: underline;\">Coste<\/span>: 5 euros por maleta + 1,75 euros por cobertura de maleta y cancelaci\u00f3n gratuita a trav\u00e9s de\r\nHorario: abierto todos los d\u00edas h. <b>10.00 - 19.00<\/b><\/li>\r\n<\/ul>\r\n<ul>\r\n \t<li><strong>Domus Dea<\/strong>, via Colleoni 30\r\nHay taquillas peque\u00f1as, medianas y grandes.\r\n<span style=\"text-decoration: underline;\">Coste<\/span>: taquillas peque\u00f1as (adecuadas para mochilas y cascos de moto) 0,99 euros por hora; medianas (equipaje de mano) 6 euros por 6 horas o fracci\u00f3n, 9 euros por 12 horas o fracci\u00f3n, 15 euros por 24 horas o fracci\u00f3n; taquillas grandes (maletas grandes o m\u00e1s equipaje de mano) 12 euros por 6 horas o fracci\u00f3n, 16 euros por 12 horas o fracci\u00f3n, 22 euros por 24 horas o fracci\u00f3n.\r\n<span style=\"text-decoration: underline;\">Horario<\/span>: todos los d\u00edas de 10.00 a 19.00 h.<\/li>\r\n \t<li>\r\n<div><b>Dep\u00f3sito de equipajes Easy Locker B\u00e9rgamo, Via Colleoni, 3:<\/b><\/div>\r\n<div>Horario: Lun.-Dom. h 9.30 -7 p.m. siempre hay una persona de contacto Contacto: 340\/9499702 (para ineficacias contactar con este n\u00famero) - Sitio: <a href=\"https:\/\/www.easylockersbergamo.it\/\" target=\"_blank\" rel=\"noopener\">https:\/\/www.easylockersbergamo.it<\/a> -<\/div>\r\n<div><span id=\"m_7878088696308504856m_-4437834092959950109m_3991541676812451441m_9214377074151863634gmail-docs-internal-guid-4fe40f8a-7fff-755a-896d-8f1859f09ab4\"><span style=\"font-family: arial, sans-serif;\">Costes: 5,00 \u20ac taquilla peque\u00f1a todo el d\u00eda; 10,00 \u20ac taquilla grande todo el d\u00eda, posibilidad de pagar por horas 1,00 \u20ac por equipaje est\u00e1ndar, 2,00 \u20ac por equipaje maxi<\/span><\/span><\/div><\/li>\r\n<\/ul>"}]},{"acf_fc_layout":"two_columns_module","tcm_title":{"title_text":"En el aeropuerto"},"tcm_ui":null,"tcm_content":[{"acf_fc_layout":"text","text":"<p class=\"p3\">Hay un dep\u00f3sito de equipajes situado fuera del aeropuerto: sal y gira a la derecha, inmediatamente despu\u00e9s de los autobuses para Mil\u00e1n ve a la izquierda al otro lado del aparcamiento: el edificio es el mostrador del aparcamiento con el letrero \"Via Milano Parking\" gestionado por la empresa Autostradale y est\u00e1 abierto todos los d\u00edas de 8 a 22 h.\r\nSin embargo, despu\u00e9s de las 18 h, para la entrega y recogida de equipajes debes llamar al n\u00famero: 335 6301944.<\/p>\r\n<p class=\"p3\">El coste del servicio es de 5 euros al d\u00eda por pieza de equipaje.<\/p>"}]}],"footer_modules":null,"header_modules":null},"rankMath":{"parentDomain":"valueservice.cloud","noFollowDomains":[],"noFollowExcludeDomains":[],"noFollowExternalLinks":false,"featuredImageNotice":"La imagen destacada debe tener al menos 200 por 200 p\u00edxeles para que Facebook y otros sitios de redes sociales puedan escogerla.","pluginReviewed":false,"postSettings":{"linkSuggestions":true,"useFocusKeyword":false},"frontEndScore":false,"postName":"guarda-equipajes","permalinkFormat":"https:\/\/visit.valueservice.cloud\/es\/%pagename%\/","showLockModifiedDate":true,"assessor":{"focusKeywordLink":"https:\/\/visit.valueservice.cloud\/wp-admin\/edit.php?focus_keyword=%focus_keyword%&post_type=%post_type%","hasTOCPlugin":false,"primaryTaxonomy":false,"serpData":{"title":"","description":"","focusKeywords":"","pillarContent":false,"canonicalUrl":"","breadcrumbTitle":"","advancedRobots":{"max-snippet":"-1","max-video-preview":"-1","max-image-preview":"large"},"facebookTitle":"","facebookDescription":"","facebookImage":"","facebookImageID":"","facebookHasOverlay":false,"facebookImageOverlay":"","facebookAuthor":"","twitterCardType":"","twitterUseFacebook":true,"twitterTitle":"","twitterDescription":"","twitterImage":"","twitterImageID":"","twitterHasOverlay":false,"twitterImageOverlay":"","twitterPlayerUrl":"","twitterPlayerSize":"","twitterPlayerStream":"","twitterPlayerStreamCtype":"","twitterAppDescription":"","twitterAppIphoneName":"","twitterAppIphoneID":"","twitterAppIphoneUrl":"","twitterAppIpadName":"","twitterAppIpadID":"","twitterAppIpadUrl":"","twitterAppGoogleplayName":"","twitterAppGoogleplayID":"","twitterAppGoogleplayUrl":"","twitterAppCountry":"","robots":{"index":true},"twitterAuthor":"nombre de usuario","primaryTerm":0,"authorName":"Elena Finazzi","titleTemplate":"%title% %sep% %sitename%","descriptionTemplate":"%excerpt%","showScoreFrontend":true,"lockModifiedDate":false},"powerWords":["incre\u00edble","asombroso","maravilloso","\u00fanico","hermoso","felicidad","brillante","cautivador","carism\u00e1tico","impactante","claro","completamente","confidencial","confianza","significativo","creativo","definitivamente","delicioso","demostrar","apres\u00farate","decidido","digno","din\u00e1mico","impresionante","esencial","inspirador","innovador","intenso","eficaz","m\u00e1gico","magn\u00edfico","hist\u00f3rico","importante","incre\u00edble","indispensable","inolvidable","irresistible","legendario","luminoso","lujo","m\u00e1gico","magn\u00edfico","majestuoso","memorable","maravilloso","milagroso","motivador","necesario","nuevo","oficial","perfecto","apasionado","persuasivo","fenomenal","placer","popular","poder","prestigioso","prodigioso","profundo","pr\u00f3spero","poderoso","calidad","radiante","r\u00e1pido","exitoso","revolucionario","satisfecho","seguridad","sensacional","sereno","suntuoso","espl\u00e9ndido","sublime","sorprendente","talentoso","terror\u00edfico","\u00fanico","valor","vibrante","victorioso","vivo","verdaderamente","celoso","aut\u00e9ntico","aventurero","espectacular","exclusivo","garantizado","extraordinario","fabuloso","fascinante","formidable","genial","grandioso","gratuito","h\u00e1bil","ilimitado","impecable","infalible","infinitamente","influyente","ingenioso","inolvidable","irremplazable","l\u00edder","maestro","notable","novedoso","pionero","poderoso","reconocido","revolucionario","sorprendente","superior","triunfante","ultra","valiente","valioso","vanguardista","vigoroso","visionario","voluntad","vital","triunfo","glorioso","imparable","inigualable","inteligente","invencible","libertad","orgullo","paz","progreso","renovado","sabidur\u00eda","satisfacci\u00f3n","seguro","serenidad","superaci\u00f3n","talento","transcendente","transformador","valent\u00eda","victoria"],"diacritics":{"A":"[\\u0041\\u24B6\\uFF21\\u00C0\\u00C1\\u00C2\\u1EA6\\u1EA4\\u1EAA\\u1EA8\\u00C3\\u0100\\u0102\\u1EB0\\u1EAE\\u1EB4\\u1EB2\\u0226\\u01E0\\u00C4\\u01DE\\u1EA2\\u00C5\\u01FA\\u01CD\\u0200\\u0202\\u1EA0\\u1EAC\\u1EB6\\u1E00\\u0104\\u023A\\u2C6F]","AA":"[\\uA732]","AE":"[\\u00C6\\u01FC\\u01E2]","AO":"[\\uA734]","AU":"[\\uA736]","AV":"[\\uA738\\uA73A]","AY":"[\\uA73C]","B":"[\\u0042\\u24B7\\uFF22\\u1E02\\u1E04\\u1E06\\u0243\\u0182\\u0181]","C":"[\\u0043\\u24B8\\uFF23\\u0106\\u0108\\u010A\\u010C\\u00C7\\u1E08\\u0187\\u023B\\uA73E]","D":"[\\u0044\\u24B9\\uFF24\\u1E0A\\u010E\\u1E0C\\u1E10\\u1E12\\u1E0E\\u0110\\u018B\\u018A\\u0189\\uA779]","DZ":"[\\u01F1\\u01C4]","Dz":"[\\u01F2\\u01C5]","E":"[\\u0045\\u24BA\\uFF25\\u00C8\\u00C9\\u00CA\\u1EC0\\u1EBE\\u1EC4\\u1EC2\\u1EBC\\u0112\\u1E14\\u1E16\\u0114\\u0116\\u00CB\\u1EBA\\u011A\\u0204\\u0206\\u1EB8\\u1EC6\\u0228\\u1E1C\\u0118\\u1E18\\u1E1A\\u0190\\u018E]","F":"[\\u0046\\u24BB\\uFF26\\u1E1E\\u0191\\uA77B]","G":"[\\u0047\\u24BC\\uFF27\\u01F4\\u011C\\u1E20\\u011E\\u0120\\u01E6\\u0122\\u01E4\\u0193\\uA7A0\\uA77D\\uA77E]","H":"[\\u0048\\u24BD\\uFF28\\u0124\\u1E22\\u1E26\\u021E\\u1E24\\u1E28\\u1E2A\\u0126\\u2C67\\u2C75\\uA78D]","I":"[\\u0049\\u24BE\\uFF29\\u00CC\\u00CD\\u00CE\\u0128\\u012A\\u012C\\u0130\\u00CF\\u1E2E\\u1EC8\\u01CF\\u0208\\u020A\\u1ECA\\u012E\\u1E2C\\u0197]","J":"[\\u004A\\u24BF\\uFF2A\\u0134\\u0248]","K":"[\\u004B\\u24C0\\uFF2B\\u1E30\\u01E8\\u1E32\\u0136\\u1E34\\u0198\\u2C69\\uA740\\uA742\\uA744\\uA7A2]","L":"[\\u004C\\u24C1\\uFF2C\\u013F\\u0139\\u013D\\u1E36\\u1E38\\u013B\\u1E3C\\u1E3A\\u0141\\u023D\\u2C62\\u2C60\\uA748\\uA746\\uA780]","LJ":"[\\u01C7]","Lj":"[\\u01C8]","M":"[\\u004D\\u24C2\\uFF2D\\u1E3E\\u1E40\\u1E42\\u2C6E\\u019C]","N":"[\\u004E\\u24C3\\uFF2E\\u01F8\\u0143\\u00D1\\u1E44\\u0147\\u1E46\\u0145\\u1E4A\\u1E48\\u0220\\u019D\\uA790\\uA7A4]","NJ":"[\\u01CA]","Nj":"[\\u01CB]","O":"[\\u004F\\u24C4\\uFF2F\\u00D2\\u00D3\\u00D4\\u1ED2\\u1ED0\\u1ED6\\u1ED4\\u00D5\\u1E4C\\u022C\\u1E4E\\u014C\\u1E50\\u1E52\\u014E\\u022E\\u0230\\u00D6\\u022A\\u1ECE\\u0150\\u01D1\\u020C\\u020E\\u01A0\\u1EDC\\u1EDA\\u1EE0\\u1EDE\\u1EE2\\u1ECC\\u1ED8\\u01EA\\u01EC\\u00D8\\u01FE\\u0186\\u019F\\uA74A\\uA74C]","OI":"[\\u01A2]","OO":"[\\uA74E]","OU":"[\\u0222]","P":"[\\u0050\\u24C5\\uFF30\\u1E54\\u1E56\\u01A4\\u2C63\\uA750\\uA752\\uA754]","Q":"[\\u0051\\u24C6\\uFF31\\uA756\\uA758\\u024A]","R":"[\\u0052\\u24C7\\uFF32\\u0154\\u1E58\\u0158\\u0210\\u0212\\u1E5A\\u1E5C\\u0156\\u1E5E\\u024C\\u2C64\\uA75A\\uA7A6\\uA782]","S":"[\\u0053\\u24C8\\uFF33\\u1E9E\\u015A\\u1E64\\u015C\\u1E60\\u0160\\u1E66\\u1E62\\u1E68\\u0218\\u015E\\u2C7E\\uA7A8\\uA784]","T":"[\\u0054\\u24C9\\uFF34\\u1E6A\\u0164\\u1E6C\\u021A\\u0162\\u1E70\\u1E6E\\u0166\\u01AC\\u01AE\\u023E\\uA786]","TZ":"[\\uA728]","U":"[\\u0055\\u24CA\\uFF35\\u00D9\\u00DA\\u00DB\\u0168\\u1E78\\u016A\\u1E7A\\u016C\\u00DC\\u01DB\\u01D7\\u01D5\\u01D9\\u1EE6\\u016E\\u0170\\u01D3\\u0214\\u0216\\u01AF\\u1EEA\\u1EE8\\u1EEE\\u1EEC\\u1EF0\\u1EE4\\u1E72\\u0172\\u1E76\\u1E74\\u0244]","V":"[\\u0056\\u24CB\\uFF36\\u1E7C\\u1E7E\\u01B2\\uA75E\\u0245]","VY":"[\\uA760]","W":"[\\u0057\\u24CC\\uFF37\\u1E80\\u1E82\\u0174\\u1E86\\u1E84\\u1E88\\u2C72]","X":"[\\u0058\\u24CD\\uFF38\\u1E8A\\u1E8C]","Y":"[\\u0059\\u24CE\\uFF39\\u1EF2\\u00DD\\u0176\\u1EF8\\u0232\\u1E8E\\u0178\\u1EF6\\u1EF4\\u01B3\\u024E\\u1EFE]","Z":"[\\u005A\\u24CF\\uFF3A\\u0179\\u1E90\\u017B\\u017D\\u1E92\\u1E94\\u01B5\\u0224\\u2C7F\\u2C6B\\uA762]","a":"[\\u0061\\u24D0\\uFF41\\u1E9A\\u00E0\\u00E1\\u00E2\\u1EA7\\u1EA5\\u1EAB\\u1EA9\\u00E3\\u0101\\u0103\\u1EB1\\u1EAF\\u1EB5\\u1EB3\\u0227\\u01E1\\u00E4\\u01DF\\u1EA3\\u00E5\\u01FB\\u01CE\\u0201\\u0203\\u1EA1\\u1EAD\\u1EB7\\u1E01\\u0105\\u2C65\\u0250]","aa":"[\\uA733]","ae":"[\\u00E6\\u01FD\\u01E3]","ao":"[\\uA735]","au":"[\\uA737]","av":"[\\uA739\\uA73B]","ay":"[\\uA73D]","b":"[\\u0062\\u24D1\\uFF42\\u1E03\\u1E05\\u1E07\\u0180\\u0183\\u0253]","c":"[\\u0063\\u24D2\\uFF43\\u0107\\u0109\\u010B\\u010D\\u00E7\\u1E09\\u0188\\u023C\\uA73F\\u2184]","d":"[\\u0064\\u24D3\\uFF44\\u1E0B\\u010F\\u1E0D\\u1E11\\u1E13\\u1E0F\\u0111\\u018C\\u0256\\u0257\\uA77A]","dz":"[\\u01F3\\u01C6]","e":"[\\u0065\\u24D4\\uFF45\\u00E8\\u00E9\\u00EA\\u1EC1\\u1EBF\\u1EC5\\u1EC3\\u1EBD\\u0113\\u1E15\\u1E17\\u0115\\u0117\\u00EB\\u1EBB\\u011B\\u0205\\u0207\\u1EB9\\u1EC7\\u0229\\u1E1D\\u0119\\u1E19\\u1E1B\\u0247\\u025B\\u01DD]","f":"[\\u0066\\u24D5\\uFF46\\u1E1F\\u0192\\uA77C]","g":"[\\u0067\\u24D6\\uFF47\\u01F5\\u011D\\u1E21\\u011F\\u0121\\u01E7\\u0123\\u01E5\\u0260\\uA7A1\\u1D79\\uA77F]","h":"[\\u0068\\u24D7\\uFF48\\u0125\\u1E23\\u1E27\\u021F\\u1E25\\u1E29\\u1E2B\\u1E96\\u0127\\u2C68\\u2C76\\u0265]","hv":"[\\u0195]","i":"[\\u0069\\u24D8\\uFF49\\u00EC\\u00ED\\u00EE\\u0129\\u012B\\u012D\\u00EF\\u1E2F\\u1EC9\\u01D0\\u0209\\u020B\\u1ECB\\u012F\\u1E2D\\u0268\\u0131]","j":"[\\u006A\\u24D9\\uFF4A\\u0135\\u01F0\\u0249]","k":"[\\u006B\\u24DA\\uFF4B\\u1E31\\u01E9\\u1E33\\u0137\\u1E35\\u0199\\u2C6A\\uA741\\uA743\\uA745\\uA7A3]","l":"[\\u006C\\u24DB\\uFF4C\\u0140\\u013A\\u013E\\u1E37\\u1E39\\u013C\\u1E3D\\u1E3B\\u017F\\u0142\\u019A\\u026B\\u2C61\\uA749\\uA781\\uA747]","lj":"[\\u01C9]","m":"[\\u006D\\u24DC\\uFF4D\\u1E3F\\u1E41\\u1E43\\u0271\\u026F]","n":"[\\u006E\\u24DD\\uFF4E\\u01F9\\u0144\\u00F1\\u1E45\\u0148\\u1E47\\u0146\\u1E4B\\u1E49\\u019E\\u0272\\u0149\\uA791\\uA7A5]","nj":"[\\u01CC]","o":"[\\u006F\\u24DE\\uFF4F\\u00F2\\u00F3\\u00F4\\u1ED3\\u1ED1\\u1ED7\\u1ED5\\u00F5\\u1E4D\\u022D\\u1E4F\\u014D\\u1E51\\u1E53\\u014F\\u022F\\u0231\\u00F6\\u022B\\u1ECF\\u0151\\u01D2\\u020D\\u020F\\u01A1\\u1EDD\\u1EDB\\u1EE1\\u1EDF\\u1EE3\\u1ECD\\u1ED9\\u01EB\\u01ED\\u00F8\\u01FF\\u0254\\uA74B\\uA74D\\u0275]","oi":"[\\u01A3]","ou":"[\\u0223]","oo":"[\\uA74F]","p":"[\\u0070\\u24DF\\uFF50\\u1E55\\u1E57\\u01A5\\u1D7D\\uA751\\uA753\\uA755]","q":"[\\u0071\\u24E0\\uFF51\\u024B\\uA757\\uA759]","r":"[\\u0072\\u24E1\\uFF52\\u0155\\u1E59\\u0159\\u0211\\u0213\\u1E5B\\u1E5D\\u0157\\u1E5F\\u024D\\u027D\\uA75B\\uA7A7\\uA783]","s":"[\\u0073\\u24E2\\uFF53\\u015B\\u1E65\\u015D\\u1E61\\u0161\\u1E67\\u1E63\\u1E69\\u0219\\u015F\\u023F\\uA7A9\\uA785\\u1E9B]","ss":"[\\u00DF]","t":"[\\u0074\\u24E3\\uFF54\\u1E6B\\u1E97\\u0165\\u1E6D\\u021B\\u0163\\u1E71\\u1E6F\\u0167\\u01AD\\u0288\\u2C66\\uA787]","tz":"[\\uA729]","u":"[\\u0075\\u24E4\\uFF55\\u00F9\\u00FA\\u00FB\\u0169\\u1E79\\u016B\\u1E7B\\u016D\\u00FC\\u01DC\\u01D8\\u01D6\\u01DA\\u1EE7\\u016F\\u0171\\u01D4\\u0215\\u0217\\u01B0\\u1EEB\\u1EE9\\u1EEF\\u1EED\\u1EF1\\u1EE5\\u1E73\\u0173\\u1E77\\u1E75\\u0289]","v":"[\\u0076\\u24E5\\uFF56\\u1E7D\\u1E7F\\u028B\\uA75F\\u028C]","vy":"[\\uA761]","w":"[\\u0077\\u24E6\\uFF57\\u1E81\\u1E83\\u0175\\u1E87\\u1E85\\u1E98\\u1E89\\u2C73]","x":"[\\u0078\\u24E7\\uFF58\\u1E8B\\u1E8D]","y":"[\\u0079\\u24E8\\uFF59\\u1EF3\\u00FD\\u0177\\u1EF9\\u0233\\u1E8F\\u00FF\\u1EF7\\u1E99\\u1EF5\\u01B4\\u024F\\u1EFF]","z":"[\\u007A\\u24E9\\uFF5A\\u017A\\u1E91\\u017C\\u017E\\u1E93\\u1E95\\u01B6\\u0225\\u0240\\u2C6C\\uA763]"},"researchesTests":["contentHasTOC","contentHasShortParagraphs","contentHasAssets","keywordInTitle","keywordInMetaDescription","keywordInPermalink","keywordIn10Percent","keywordInContent","keywordInSubheadings","keywordInImageAlt","keywordDensity","keywordNotUsed","lengthContent","lengthPermalink","linksHasInternal","linksHasExternals","linksNotAllExternals","titleStartWithKeyword","titleSentiment","titleHasPowerWords","titleHasNumber","hasContentAI"],"hasRedirection":false,"hasBreadcrumb":false},"homeUrl":"https:\/\/visit.valueservice.cloud\/es\/","objectID":92771,"objectType":"post","locale":"es","localeFull":"es_ES","overlayImages":{"play":{"name":"Icono de reproducci\u00f3n","url":"https:\/\/visit.valueservice.cloud\/wp-content\/plugins\/seo-by-rank-math\/assets\/admin\/img\/icon-play.png","path":"\/home\/visit.valueservice.cloud\/public_html\/wp-content\/plugins\/seo-by-rank-math\/assets\/admin\/img\/icon-play.png","position":"middle_center"},"gif":{"name":"Icono GIF","url":"https:\/\/visit.valueservice.cloud\/wp-content\/plugins\/seo-by-rank-math\/assets\/admin\/img\/icon-gif.png","path":"\/home\/visit.valueservice.cloud\/public_html\/wp-content\/plugins\/seo-by-rank-math\/assets\/admin\/img\/icon-gif.png","position":"middle_center"}},"defautOgImage":"https:\/\/visit.valueservice.cloud\/wp-content\/plugins\/seo-by-rank-math\/assets\/admin\/img\/social-placeholder.jpg","customPermalinks":true,"isUserRegistered":false,"autoSuggestKeywords":false,"connectSiteUrl":"https:\/\/rankmath.com\/auth?site=https%3A%2F%2Fvisit.valueservice.cloud%2Fes%2F&r=https%3A%2F%2Fvisit.valueservice.cloud%2Fes%2Fwp-json%2Fwp%2Fv2%2Fpages%2F92771%3Fnonce%3D5dd9822472","maxTags":5,"trendsIcon":"<svg viewBox=\"0 0 610 610\"><path d=\"M18.85,446,174.32,290.48l58.08,58.08L76.93,504a14.54,14.54,0,0,1-20.55,0L18.83,466.48a14.54,14.54,0,0,1,0-20.55Z\" style=\"fill:#4285f4\"\/><path d=\"M242.65,242.66,377.59,377.6l-47.75,47.75a14.54,14.54,0,0,1-20.55,0L174.37,290.43l47.75-47.75A14.52,14.52,0,0,1,242.65,242.66Z\" style=\"fill:#ea4335\"\/><polygon points=\"319.53 319.53 479.26 159.8 537.34 217.88 377.61 377.62 319.53 319.53\" style=\"fill:#fabb05\"\/><path d=\"M594.26,262.73V118.61h0a16.94,16.94,0,0,0-16.94-16.94H433.2a16.94,16.94,0,0,0-12,28.92L565.34,274.71h0a16.94,16.94,0,0,0,28.92-12Z\" style=\"fill:#34a853\"\/><rect width=\"610\" height=\"610\" style=\"fill:none\"\/><\/svg>","showScore":true,"siteFavIcon":"https:\/\/visit.valueservice.cloud\/wp-content\/uploads\/2025\/07\/cropped-VisitBergamo-Favicon-scaled-1-32x32.jpg","canUser":{"general":false,"advanced":false,"snippet":false,"social":false,"analysis":false,"analytics":false,"content_ai":false},"isPro":false,"is_front_page":false,"trendsUpgradeLink":"https:\/\/rankmath.com\/pricing\/?utm_source=Plugin&utm_medium=CE%20General%20Tab%20Trends&utm_campaign=WP","trendsUpgradeLabel":"Actualizar","trendsPreviewImage":"https:\/\/visit.valueservice.cloud\/wp-content\/plugins\/seo-by-rank-math\/assets\/admin\/img\/trends-preview.jpg","currentEditor":false,"homepageData":{"assessor":{"powerWords":["incre\u00edble","asombroso","maravilloso","\u00fanico","hermoso","felicidad","brillante","cautivador","carism\u00e1tico","impactante","claro","completamente","confidencial","confianza","significativo","creativo","definitivamente","delicioso","demostrar","apres\u00farate","decidido","digno","din\u00e1mico","impresionante","esencial","inspirador","innovador","intenso","eficaz","m\u00e1gico","magn\u00edfico","hist\u00f3rico","importante","incre\u00edble","indispensable","inolvidable","irresistible","legendario","luminoso","lujo","m\u00e1gico","magn\u00edfico","majestuoso","memorable","maravilloso","milagroso","motivador","necesario","nuevo","oficial","perfecto","apasionado","persuasivo","fenomenal","placer","popular","poder","prestigioso","prodigioso","profundo","pr\u00f3spero","poderoso","calidad","radiante","r\u00e1pido","exitoso","revolucionario","satisfecho","seguridad","sensacional","sereno","suntuoso","espl\u00e9ndido","sublime","sorprendente","talentoso","terror\u00edfico","\u00fanico","valor","vibrante","victorioso","vivo","verdaderamente","celoso","aut\u00e9ntico","aventurero","espectacular","exclusivo","garantizado","extraordinario","fabuloso","fascinante","formidable","genial","grandioso","gratuito","h\u00e1bil","ilimitado","impecable","infalible","infinitamente","influyente","ingenioso","inolvidable","irremplazable","l\u00edder","maestro","notable","novedoso","pionero","poderoso","reconocido","revolucionario","sorprendente","superior","triunfante","ultra","valiente","valioso","vanguardista","vigoroso","visionario","voluntad","vital","triunfo","glorioso","imparable","inigualable","inteligente","invencible","libertad","orgullo","paz","progreso","renovado","sabidur\u00eda","satisfacci\u00f3n","seguro","serenidad","superaci\u00f3n","talento","transcendente","transformador","valent\u00eda","victoria"],"diacritics":true,"researchesTests":["contentHasTOC","contentHasShortParagraphs","contentHasAssets","keywordInTitle","keywordInMetaDescription","keywordInPermalink","keywordIn10Percent","keywordInContent","keywordInSubheadings","keywordInImageAlt","keywordDensity","keywordNotUsed","lengthContent","lengthPermalink","linksHasInternal","linksHasExternals","linksNotAllExternals","titleStartWithKeyword","titleSentiment","titleHasPowerWords","titleHasNumber","hasContentAI"],"hasBreadcrumb":false,"serpData":{"title":"%sitename% %page% %sep% %sitedesc%","description":"","titleTemplate":"%sitename% %page% %sep% %sitedesc%","descriptionTemplate":"","focusKeywords":"","breadcrumbTitle":"Home","robots":{"index":true},"advancedRobots":{"max-snippet":"-1","max-video-preview":"-1","max-image-preview":"large"},"facebookTitle":"","facebookDescription":"","facebookImage":"","facebookImageID":""}}},"tocTitle":"Table of Contents","tocExcludeHeadings":[],"listStyle":"ul"},"_links":{"self":[{"href":"https:\/\/visit.valueservice.cloud\/es\/wp-json\/wp\/v2\/pages\/92771","targetHints":{"allow":["GET"]}}],"collection":[{"href":"https:\/\/visit.valueservice.cloud\/es\/wp-json\/wp\/v2\/pages"}],"about":[{"href":"https:\/\/visit.valueservice.cloud\/es\/wp-json\/wp\/v2\/types\/page"}],"author":[{"embeddable":true,"href":"https:\/\/visit.valueservice.cloud\/es\/wp-json\/wp\/v2\/users\/7"}],"replies":[{"embeddable":true,"href":"https:\/\/visit.valueservice.cloud\/es\/wp-json\/wp\/v2\/comments?post=92771"}],"version-history":[{"count":1,"href":"https:\/\/visit.valueservice.cloud\/es\/wp-json\/wp\/v2\/pages\/92771\/revisions"}],"predecessor-version":[{"id":206558,"href":"https:\/\/visit.valueservice.cloud\/es\/wp-json\/wp\/v2\/pages\/92771\/revisions\/206558"}],"wp:attachment":[{"href":"https:\/\/visit.valueservice.cloud\/es\/wp-json\/wp\/v2\/media?parent=92771"}],"curies":[{"name":"wp","href":"https:\/\/api.w.org\/{rel}","templated":true}]}}