{"id":140064,"date":"2025-04-06T19:15:33","date_gmt":"2025-04-06T17:15:33","guid":{"rendered":"https:\/\/visit.valueservice.cloud\/udogodnienia-inne-niz-hotelowe\/"},"modified":"2025-04-18T15:35:06","modified_gmt":"2025-04-18T13:35:06","slug":"udogodnienia-inne-niz-hotelowe","status":"publish","type":"page","link":"https:\/\/visit.valueservice.cloud\/pl\/udogodnienia-inne-niz-hotelowe\/","title":{"rendered":"Udogodnienia inne ni\u017c hotelowe"},"content":{"rendered":"","protected":false},"excerpt":{"rendered":"","protected":false},"author":3,"featured_media":0,"parent":0,"menu_order":0,"comment_status":"closed","ping_status":"closed","template":"","meta":{"_acf_changed":false,"footnotes":""},"class_list":["post-140064","page","type-page","status-publish","hentry"],"acf":{"hero_type":"content","video_youtube_url":"","video_vimeo_url":"","size":"small","hero_title":"","hero_text":"","hero_random_sort":false,"slides":[{"image":135751,"video":"","video_mobile":"","video_with_audio":false,"duration_ms":"","title":"Udogodnienia inne ni\u017c hotelowe","text":"","hero_slide_buttons":{"buttons":null},"slide_buttons":null}],"hero_buttons_group":{"buttons":null},"hero_buttons":null,"filotto_no_overlay":false,"filotto_title":"","filotto_sub":"","filotto_layout":"scroll","filotto_fill":"manual","filotto_items":null,"filotto_fill_conditions":{"or_filter":null,"only_ambassadors":false,"max_elements":0,"show_total":false,"see_all":false,"custom_show_all_page":null,"order_by":false,"order_way":false},"modals":null,"type":null,"modules":[{"acf_fc_layout":"two_columns_module","tcm_title":{"title_text":"Udogodnienia inne ni\u017c hotelowe"},"tcm_ui":null,"tcm_content":[{"acf_fc_layout":"text","text":"<h3>W tym obszarze mo\u017cna znale\u017a\u0107 informacje i inicjatywy dedykowane mened\u017cerom niehotelowych obiekt\u00f3w noclegowych w mie\u015bcie i prowincji Bergamo.<\/h3>\r\n<div>U\u015bmiech ka\u017cdego turysty jest r\u00f3wnie\u017c naszym u\u015bmiechem!<\/div>\r\n<div>\r\n<div>Jako agencja zajmuj\u0105ca si\u0119 rozwojem i promocj\u0105 turystyki w prowincji, naszym celem jest pomoc w zaoferowaniu wszystkim podr\u00f3\u017cnym odwiedzaj\u0105cym Bergamo wyj\u0105tkowych i niezapomnianych wra\u017ce\u0144.<\/div>\r\n<div>Jeste\u015b kluczowym punktem kontaktowym mi\u0119dzy terytorium a podr\u00f3\u017cnymi, dlatego jeste\u015bmy do Twojej dyspozycji z szeregiem us\u0142ug, kt\u00f3re pomog\u0105 Ci i Twoim propozycjom dla turyst\u00f3w.<\/div>\r\n<\/div>\r\n<div>W tej sekcji znajduj\u0105 si\u0119 wa\u017cne informacje i us\u0142ugi maj\u0105ce na celu promocj\u0119 obszaru i optymalizacj\u0119 niekt\u00f3rych aspekt\u00f3w zarz\u0105dzania dzia\u0142alno\u015bci\u0105.<\/div>"}]},{"acf_fc_layout":"two_columns_module","tcm_title":{"title_text":"Przestrze\u0144 promocyjna"},"tcm_ui":null,"tcm_content":[{"acf_fc_layout":"text","text":"<div>Ka\u017cdy obiekt noclegowy ma bezp\u0142atn\u0105 stron\u0119 na portalu visitbergamo.net: <strong>przestrze\u0144 promocyjn\u0105 dla swojej dzia\u0142alno\u015bci<\/strong>, kt\u00f3r\u0105 mo\u017cna uzupe\u0142ni\u0107 <strong>informacjami, opisami<\/strong> i <strong>zdj\u0119ciami<\/strong>.<\/div>\r\n<div>Ka\u017cdy, kto wejdzie w posiadanie Twojej strony, jest nagradzany wynikiem, kt\u00f3ry pozwala mu awansowa\u0107 w rankingu wy\u015bwietlania. Gdy u\u017cytkownik wyszuka Twoje zakwaterowanie, zostanie ono wy\u015bwietlone jako pierwsze w por\u00f3wnaniu ze stronami zakwaterowania, kt\u00f3re zawieraj\u0105 tylko g\u0142\u00f3wne informacje.<\/div>\r\n<div>Rejestruj\u0105c obiekt na naszej stronie, <strong>otrzymasz bezp\u0142atne t\u0142umaczenie strony na 5 j\u0119zyk\u00f3w<\/strong>, aby dotrze\u0107 do turyst\u00f3w na ca\u0142ym \u015bwiecie.<\/div>\r\n<div>Dzi\u0119ki umowie pomi\u0119dzy VisitBergamo i Booking.com, mo\u017cliwe jest r\u00f3wnie\u017c zaoferowanie u\u017cytkownikom przegl\u0105daj\u0105cym portal mo\u017cliwo\u015bci <strong>bezpo\u015bredniej rezerwacji Twojego obiektu.<\/strong> Aby to zrobi\u0107, administrator naszego portalu musi wprowadzi\u0107 identyfikator, kt\u00f3ry reprezentuje Ci\u0119 na Booking. W zwi\u0105zku z tym zach\u0119camy do poinformowania o tym w notatkach, kt\u00f3re mo\u017cna znale\u017a\u0107 podczas zapisywania informacji na stronie.<\/div>\r\n<p class=\"p1\"><a href=\"https:\/\/visit.valueservice.cloud\/suggerisci-oggetto\/\" target=\"_blank\" rel=\"noopener\">Przejd\u017a do strony rejestracji<\/a><\/p>"},{"acf_fc_layout":"buttons","buttons":[{"style":"primary","text":"Kontakt","icon":{"button_icon":"none"},"function":"link","url":"https:\/\/visit.valueservice.cloud\/pl\/kontakt\/","select_post":null,"target":"_self","url_youtube":"","target_modal":""}]}]},{"acf_fc_layout":"two_columns_module","tcm_title":{"title_text":"HBenchmark"},"tcm_ui":null,"tcm_content":[{"acf_fc_layout":"text","text":"<div>Dzi\u0119ki VisitBergamo obiekty noclegowe w regionie maj\u0105 dost\u0119p do<strong>bezp\u0142atnej rejestracji<\/strong> na HBenchmark: platformie, kt\u00f3ra pozwala mened\u017cerom <strong>prognozowa\u0107 przep\u0142ywy zakwaterowania, a tym samym optymalizowa\u0107 ich strategie <\/strong>biznesowe <strong>. <\/strong><\/div>\r\n<div>Tworz\u0105c <strong>sie\u0107 terytorialn\u0105<\/strong>, HBenchmark zapewni ci ekskluzywne bogactwo informacji: d\u017awigni\u0119, kt\u00f3ra b\u0119dzie kluczowa w podejmowaniu strategicznych decyzji i reagowaniu w odpowiednim czasie na trendy w bran\u017cy.<\/div>\r\n<div>HBenchmark to idealne narz\u0119dzie do formu\u0142owania w\u0142a\u015bciwej ceny we w\u0142a\u015bciwym czasie, odkryj jego zalety i zarejestruj si\u0119 za darmo.<\/div>"},{"acf_fc_layout":"buttons","buttons":[{"style":"primary","text":"Kontakt","icon":{"button_icon":"none"},"function":"link","url":"https:\/\/visit.valueservice.cloud\/pl\/kontakt\/","select_post":null,"target":"_self","url_youtube":"","target_modal":""},{"style":"primary","text":"Czytaj wi\u0119cej","icon":{"button_icon":"none"},"function":"link","url":"https:\/\/www.hbenchmark.com\/bergamo","select_post":null,"target":"_blank","url_youtube":"","target_modal":""}]}]},{"acf_fc_layout":"two_columns_module","tcm_title":{"title_text":"TTP Podatek turystyczny pro"},"tcm_ui":null,"tcm_content":[{"acf_fc_layout":"text","text":"<div>Tourist Tax Pro (TTP) to us\u0142uga online dla zarz\u0105dc\u00f3w obiekt\u00f3w noclegowych w <strong>mie\u015bcie<\/strong> Bergamo, zaprojektowana w celu u\u0142atwienia obliczania i raportowania podatku turystycznego do gminy Bergamo, a jednocze\u015bnie wysy\u0142ania informacji o przep\u0142ywach turystycznych do Ross1000, us\u0142ugi gromadzenia danych Istat po\u015bwi\u0119conej obiektom noclegowym.<\/div>\r\n<div>Celem TTP jest odci\u0105\u017cenie u\u017cytkownika: wprowadzaj\u0105c dane dotycz\u0105ce nocleg\u00f3w w Tourist Tax Pro, opr\u00f3cz kwartalnego raportowania podatku turystycznego, mo\u017cna wysy\u0142a\u0107 informacje o przep\u0142ywie turyst\u00f3w do Ross1000, bez konieczno\u015bci wprowadzania jakichkolwiek innych danych osobowych go\u015bci.<\/div>\r\n<div>Je\u015bli chcesz dowiedzie\u0107 si\u0119 wi\u0119cej o tym, jak dzia\u0142a aplikacja internetowa, skontaktuj si\u0119 z nami, a zaprosimy Ci\u0119 na kr\u00f3tkie szkolenie, podczas kt\u00f3rego dowiesz si\u0119, jak korzysta\u0107 z tego narz\u0119dzia.<\/div>"},{"acf_fc_layout":"buttons","buttons":[{"style":"primary","text":"Kontakt","icon":{"button_icon":"none"},"function":"link","url":"https:\/\/visit.valueservice.cloud\/pl\/kontakt\/","select_post":null,"target":"_self","url_youtube":"","target_modal":""},{"style":"primary","text":"Czytaj wi\u0119cej","icon":{"button_icon":"none"},"function":"link","url":"https:\/\/ttp.visitbergamo.net\/TTP_Manuale_2021.pdf","select_post":null,"target":"_blank","url_youtube":"","target_modal":""}]}]},{"acf_fc_layout":"two_columns_module","tcm_title":{"title_text":"Mapy i broszury"},"tcm_ui":null,"tcm_content":[{"acf_fc_layout":"text","text":"<div>Gdzie si\u0119 wybra\u0107? Co zwiedzi\u0107? Jak si\u0119 porusza\u0107? Poprowad\u017a swoich go\u015bci, aby odkryli najpi\u0119kniejsze zak\u0105tki naszego terytorium dzi\u0119ki <strong>oficjalnym mapom VisitBergamo.<\/strong><\/div>\r\n<div>Niezale\u017cnie od pomys\u0142u na wakacje, w\u015br\u00f3d naszych propozycji znajdziesz odpowiedni\u0105 map\u0119.<\/div>\r\n<div>Dost\u0119pna jest seria map i <strong>miniprzewodnik\u00f3w:<\/strong> od stok\u00f3w narciarskich po \u015bcie\u017cki rowerowe, od miasta po prowincj\u0119, przechodz\u0105c przez jezioro, r\u00f3wnin\u0119, wysp\u0119 i wszystkie doliny.<\/div>\r\n<div>Materia\u0142y te mo\u017cna <strong>naby\u0107<\/strong> bezpo\u015brednio w naszych biurach.\r\nCena map wynosi 0,10 euro za sztuk\u0119, natomiast broszura Bergamo Just Amazing jest w sprzeda\u017cy w cenie 0,30 euro za sztuk\u0119.<\/div>\r\n<div>Popro\u015b o wi\u0119cej informacji i um\u00f3w si\u0119 <strong>na spotkanie<\/strong>, aby odebra\u0107 materia\u0142y informacyjne.<\/div>\r\n<div class=\"link-opacity\"><a href=\"https:\/\/issuu.com\/turismobergamo\" target=\"_blank\" rel=\"noopener\">Je\u015bli wolisz, <strong>zapoznaj si\u0119 z naszymi mapami i wieloma innymi materia\u0142ami<\/strong><\/a> pod tym linkiem<\/div>"},{"acf_fc_layout":"buttons","buttons":[{"style":"primary","text":"Kontakt","icon":{"button_icon":"none"},"function":"link","url":"https:\/\/visit.valueservice.cloud\/pl\/kontakt\/","select_post":null,"target":"_self","url_youtube":"","target_modal":""}]}]},{"acf_fc_layout":"two_columns_module","tcm_title":{"title_text":"Merchandising VisitBergamo"},"tcm_ui":null,"tcm_content":[{"acf_fc_layout":"text","text":"<div>VisitBergamo otrzymuje charakterystyczn\u0105 lini\u0119 merchandisingow\u0105.<\/div>\r\n<div>Artystyczna kolekcja odzie\u017cy i gad\u017cet\u00f3w po\u015bwi\u0119conych naszemu terytorium, kulturze i tradycji, w tym koszulki, butelki na wod\u0119, kubki i inne przedmioty.\r\nWy\u0142\u0105cznie dla zarz\u0105dc\u00f3w obiekt\u00f3w noclegowych wszystkie produkty z nowej linii s\u0105 ta\u0144sze o 30%.<\/div>\r\n<div class=\"link-opacity\">\r\n<p class=\"p1\"><a href=\"https:\/\/visit.valueservice.cloud\/wp-content\/uploads\/2025\/04\/Merchandising-Visit-Bergamo-2_compressed.pdf\" target=\"_blank\" rel=\"noopener\">Zobacz wszystkie gad\u017cety<\/a><\/p>\r\n<p class=\"p1\"><a href=\"https:\/\/visit.valueservice.cloud\/wp-content\/uploads\/2025\/04\/T-shirt-compresso.pdf\" target=\"_blank\" rel=\"noopener\">Zobacz koszulki<\/a><\/p>\r\n<p class=\"p1\"><a href=\"https:\/\/visit.valueservice.cloud\/wp-content\/uploads\/2025\/04\/listinosconto30.pdf\" target=\"_blank\" rel=\"noopener\">Cennik zakwaterowania<\/a><\/p>\r\n\r\n<\/div>"},{"acf_fc_layout":"buttons","buttons":[{"style":"primary","text":"Kontakt","icon":{"button_icon":"none"},"function":"link","url":"https:\/\/visit.valueservice.cloud\/pl\/kontakt\/","select_post":null,"target":"_self","url_youtube":"","target_modal":""}]}]},{"acf_fc_layout":"two_columns_module","tcm_title":{"title_text":"RistoraBergamo"},"tcm_ui":null,"tcm_content":[{"acf_fc_layout":"text","text":"<div>Dodaj wi\u0119cej smaku swoim go\u015bciom w Bergamo dzi\u0119ki <strong>RistoraBergamo<\/strong>: platformie, kt\u00f3ra pozwala rezerwowa\u0107 stoliki i sk\u0142ada\u0107 zam\u00f3wienia na dostaw\u0119 i na wynos w lokalnych restauracjach, bezpo\u015brednio online.<\/div>\r\n<div>Strona jest w ca\u0142o\u015bci dost\u0119pna w kilku j\u0119zykach, aby mogli z niej szybko i \u0142atwo korzysta\u0107 r\u00f3wnie\u017c tury\u015bci: Twoi go\u015bcie b\u0119d\u0105 mogli cieszy\u0107 si\u0119 najlepszymi lokalnymi potrawami, rezerwuj\u0105c stolik w restauracjach w Bergamo i jego prowincji za pomoc\u0105 zaledwie kilku klikni\u0119\u0107, bezpo\u015brednio ze swojego smartfona.<\/div>\r\n<div>W naszej siedzibie mo\u017cna odebra\u0107 broszur\u0119 z <strong>ulotkami<\/strong> zawieraj\u0105cymi wszystkie informacje na temat RistoraBergamo, kt\u00f3r\u0105<strong> zach\u0119camy do pozostawienia w ka\u017cdym pomieszczeniu swojego lokalu<\/strong>. Wszyscy, kt\u00f3rzy przyjd\u0105 odebra\u0107 ulotki, otrzymaj\u0105 <strong>50 bezp\u0142atnych map miasta Bergamo<\/strong> do udost\u0119pnienia swoim klientom.<\/div>\r\n<div>Aby umo\u017cliwi\u0107 nam uzupe\u0142nienie zapas\u00f3w, uprzejmie prosimy o wcze\u015bniejszy kontakt. Zadzwo\u0144 do nas pod numer 035 230640 lub napisz do nas za pomoc\u0105 formularza kontaktowego.<\/div>"},{"acf_fc_layout":"buttons","buttons":[{"style":"primary","text":"Kontakt","icon":{"button_icon":"none"},"function":"link","url":"https:\/\/visit.valueservice.cloud\/pl\/kontakt\/","select_post":null,"target":"_self","url_youtube":"","target_modal":""}]}]},{"acf_fc_layout":"two_columns_module","tcm_title":{"title_text":"P\u0142yty CAV"},"tcm_ui":null,"tcm_content":[{"acf_fc_layout":"text","text":"<div>W 2019 r. gmina Bergamo wprowadzi\u0142a zmiany do ustawy:<\/div>\r\n<div><a href=\"https:\/\/visit.valueservice.cloud\/wp-content\/uploads\/2025\/04\/11_CONVIVENZA_FUNZIONI-RESIDENZIALI-E-COMMERCIALI-3.pdf\" target=\"_blank\" rel=\"noopener\">REGULACJE DOTYCZ\u0104CE WSP\u00d3\u0141ISTNIENIA FUNKCJI MIESZKANIOWYCH, DZIA\u0141ALNO\u015aCI HANDLOWEJ, RZEMIE\u015aLNICZEJ, GASTRONOMICZNEJ I ROZRYWKOWEJ ORAZ POZAHOTELOWEJ DZIA\u0141ALNO\u015aCI NOCLEGOWEJ NA OBSZARZE MIASTA<\/a><\/div>\r\n<div>Rozporz\u0105dzenie to nakazuje umieszczenie tabliczki na zewn\u0105trz dom\u00f3w wakacyjnych.<\/div>\r\n<div>Format i funkcje tej p\u0142yty s\u0105 zawarte w plikach graficznych, kt\u00f3re mo\u017cna pobra\u0107 bezpo\u015brednio tutaj, gotowe do przes\u0142ania do drukarki.<\/div>\r\n<div><a href=\"https:\/\/drive.google.com\/drive\/folders\/1SgrbaByBk6yQEMR4VFfZYC4gdZxIxxPO?usp=sharing\" target=\"_blank\" rel=\"noopener\"><strong>Pliki graficzne do pobrania<\/strong><\/a><\/div>"},{"acf_fc_layout":"buttons","buttons":[{"style":"primary","text":"Kontakt","icon":{"button_icon":"none"},"function":"link","url":"https:\/\/visit.valueservice.cloud\/pl\/kontakt\/","select_post":null,"target":"_self","url_youtube":"","target_modal":""}]}]}],"footer_modules":null,"header_modules":null},"rankMath":{"parentDomain":"valueservice.cloud","noFollowDomains":[],"noFollowExcludeDomains":[],"noFollowExternalLinks":false,"featuredImageNotice":"Prezentowany obraz powinien mie\u0107 co najmniej 200 na 200 pikseli, aby m\u00f3g\u0142 go pobra\u0107 Facebook i inne serwisy spo\u0142eczno\u015bciowe.","pluginReviewed":false,"postSettings":{"linkSuggestions":true,"useFocusKeyword":false},"frontEndScore":false,"postName":"udogodnienia-inne-niz-hotelowe","permalinkFormat":"https:\/\/visit.valueservice.cloud\/pl\/%pagename%\/","showLockModifiedDate":true,"assessor":{"focusKeywordLink":"https:\/\/visit.valueservice.cloud\/wp-admin\/edit.php?focus_keyword=%focus_keyword%&post_type=%post_type%","hasTOCPlugin":false,"primaryTaxonomy":false,"serpData":{"title":"","description":"","focusKeywords":"","pillarContent":false,"canonicalUrl":"","breadcrumbTitle":"","advancedRobots":{"max-snippet":"-1","max-video-preview":"-1","max-image-preview":"large"},"facebookTitle":"","facebookDescription":"","facebookImage":"","facebookImageID":"","facebookHasOverlay":false,"facebookImageOverlay":"","facebookAuthor":"","twitterCardType":"","twitterUseFacebook":true,"twitterTitle":"","twitterDescription":"","twitterImage":"","twitterImageID":"","twitterHasOverlay":false,"twitterImageOverlay":"","twitterPlayerUrl":"","twitterPlayerSize":"","twitterPlayerStream":"","twitterPlayerStreamCtype":"","twitterAppDescription":"","twitterAppIphoneName":"","twitterAppIphoneID":"","twitterAppIphoneUrl":"","twitterAppIpadName":"","twitterAppIpadID":"","twitterAppIpadUrl":"","twitterAppGoogleplayName":"","twitterAppGoogleplayID":"","twitterAppGoogleplayUrl":"","twitterAppCountry":"","robots":{"index":true},"twitterAuthor":"u\u017cytkownik","primaryTerm":0,"authorName":"ciamberlini2","titleTemplate":"%title% %sep% %sitename%","descriptionTemplate":"%excerpt%","showScoreFrontend":true,"lockModifiedDate":false},"powerWords":[],"diacritics":{"A":"[\\u0041\\u24B6\\uFF21\\u00C0\\u00C1\\u00C2\\u1EA6\\u1EA4\\u1EAA\\u1EA8\\u00C3\\u0100\\u0102\\u1EB0\\u1EAE\\u1EB4\\u1EB2\\u0226\\u01E0\\u00C4\\u01DE\\u1EA2\\u00C5\\u01FA\\u01CD\\u0200\\u0202\\u1EA0\\u1EAC\\u1EB6\\u1E00\\u0104\\u023A\\u2C6F]","AA":"[\\uA732]","AE":"[\\u00C6\\u01FC\\u01E2]","AO":"[\\uA734]","AU":"[\\uA736]","AV":"[\\uA738\\uA73A]","AY":"[\\uA73C]","B":"[\\u0042\\u24B7\\uFF22\\u1E02\\u1E04\\u1E06\\u0243\\u0182\\u0181]","C":"[\\u0043\\u24B8\\uFF23\\u0106\\u0108\\u010A\\u010C\\u00C7\\u1E08\\u0187\\u023B\\uA73E]","D":"[\\u0044\\u24B9\\uFF24\\u1E0A\\u010E\\u1E0C\\u1E10\\u1E12\\u1E0E\\u0110\\u018B\\u018A\\u0189\\uA779]","DZ":"[\\u01F1\\u01C4]","Dz":"[\\u01F2\\u01C5]","E":"[\\u0045\\u24BA\\uFF25\\u00C8\\u00C9\\u00CA\\u1EC0\\u1EBE\\u1EC4\\u1EC2\\u1EBC\\u0112\\u1E14\\u1E16\\u0114\\u0116\\u00CB\\u1EBA\\u011A\\u0204\\u0206\\u1EB8\\u1EC6\\u0228\\u1E1C\\u0118\\u1E18\\u1E1A\\u0190\\u018E]","F":"[\\u0046\\u24BB\\uFF26\\u1E1E\\u0191\\uA77B]","G":"[\\u0047\\u24BC\\uFF27\\u01F4\\u011C\\u1E20\\u011E\\u0120\\u01E6\\u0122\\u01E4\\u0193\\uA7A0\\uA77D\\uA77E]","H":"[\\u0048\\u24BD\\uFF28\\u0124\\u1E22\\u1E26\\u021E\\u1E24\\u1E28\\u1E2A\\u0126\\u2C67\\u2C75\\uA78D]","I":"[\\u0049\\u24BE\\uFF29\\u00CC\\u00CD\\u00CE\\u0128\\u012A\\u012C\\u0130\\u00CF\\u1E2E\\u1EC8\\u01CF\\u0208\\u020A\\u1ECA\\u012E\\u1E2C\\u0197]","J":"[\\u004A\\u24BF\\uFF2A\\u0134\\u0248]","K":"[\\u004B\\u24C0\\uFF2B\\u1E30\\u01E8\\u1E32\\u0136\\u1E34\\u0198\\u2C69\\uA740\\uA742\\uA744\\uA7A2]","L":"[\\u004C\\u24C1\\uFF2C\\u013F\\u0139\\u013D\\u1E36\\u1E38\\u013B\\u1E3C\\u1E3A\\u0141\\u023D\\u2C62\\u2C60\\uA748\\uA746\\uA780]","LJ":"[\\u01C7]","Lj":"[\\u01C8]","M":"[\\u004D\\u24C2\\uFF2D\\u1E3E\\u1E40\\u1E42\\u2C6E\\u019C]","N":"[\\u004E\\u24C3\\uFF2E\\u01F8\\u0143\\u00D1\\u1E44\\u0147\\u1E46\\u0145\\u1E4A\\u1E48\\u0220\\u019D\\uA790\\uA7A4]","NJ":"[\\u01CA]","Nj":"[\\u01CB]","O":"[\\u004F\\u24C4\\uFF2F\\u00D2\\u00D3\\u00D4\\u1ED2\\u1ED0\\u1ED6\\u1ED4\\u00D5\\u1E4C\\u022C\\u1E4E\\u014C\\u1E50\\u1E52\\u014E\\u022E\\u0230\\u00D6\\u022A\\u1ECE\\u0150\\u01D1\\u020C\\u020E\\u01A0\\u1EDC\\u1EDA\\u1EE0\\u1EDE\\u1EE2\\u1ECC\\u1ED8\\u01EA\\u01EC\\u00D8\\u01FE\\u0186\\u019F\\uA74A\\uA74C]","OI":"[\\u01A2]","OO":"[\\uA74E]","OU":"[\\u0222]","P":"[\\u0050\\u24C5\\uFF30\\u1E54\\u1E56\\u01A4\\u2C63\\uA750\\uA752\\uA754]","Q":"[\\u0051\\u24C6\\uFF31\\uA756\\uA758\\u024A]","R":"[\\u0052\\u24C7\\uFF32\\u0154\\u1E58\\u0158\\u0210\\u0212\\u1E5A\\u1E5C\\u0156\\u1E5E\\u024C\\u2C64\\uA75A\\uA7A6\\uA782]","S":"[\\u0053\\u24C8\\uFF33\\u1E9E\\u015A\\u1E64\\u015C\\u1E60\\u0160\\u1E66\\u1E62\\u1E68\\u0218\\u015E\\u2C7E\\uA7A8\\uA784]","T":"[\\u0054\\u24C9\\uFF34\\u1E6A\\u0164\\u1E6C\\u021A\\u0162\\u1E70\\u1E6E\\u0166\\u01AC\\u01AE\\u023E\\uA786]","TZ":"[\\uA728]","U":"[\\u0055\\u24CA\\uFF35\\u00D9\\u00DA\\u00DB\\u0168\\u1E78\\u016A\\u1E7A\\u016C\\u00DC\\u01DB\\u01D7\\u01D5\\u01D9\\u1EE6\\u016E\\u0170\\u01D3\\u0214\\u0216\\u01AF\\u1EEA\\u1EE8\\u1EEE\\u1EEC\\u1EF0\\u1EE4\\u1E72\\u0172\\u1E76\\u1E74\\u0244]","V":"[\\u0056\\u24CB\\uFF36\\u1E7C\\u1E7E\\u01B2\\uA75E\\u0245]","VY":"[\\uA760]","W":"[\\u0057\\u24CC\\uFF37\\u1E80\\u1E82\\u0174\\u1E86\\u1E84\\u1E88\\u2C72]","X":"[\\u0058\\u24CD\\uFF38\\u1E8A\\u1E8C]","Y":"[\\u0059\\u24CE\\uFF39\\u1EF2\\u00DD\\u0176\\u1EF8\\u0232\\u1E8E\\u0178\\u1EF6\\u1EF4\\u01B3\\u024E\\u1EFE]","Z":"[\\u005A\\u24CF\\uFF3A\\u0179\\u1E90\\u017B\\u017D\\u1E92\\u1E94\\u01B5\\u0224\\u2C7F\\u2C6B\\uA762]","a":"[\\u0061\\u24D0\\uFF41\\u1E9A\\u00E0\\u00E1\\u00E2\\u1EA7\\u1EA5\\u1EAB\\u1EA9\\u00E3\\u0101\\u0103\\u1EB1\\u1EAF\\u1EB5\\u1EB3\\u0227\\u01E1\\u00E4\\u01DF\\u1EA3\\u00E5\\u01FB\\u01CE\\u0201\\u0203\\u1EA1\\u1EAD\\u1EB7\\u1E01\\u0105\\u2C65\\u0250]","aa":"[\\uA733]","ae":"[\\u00E6\\u01FD\\u01E3]","ao":"[\\uA735]","au":"[\\uA737]","av":"[\\uA739\\uA73B]","ay":"[\\uA73D]","b":"[\\u0062\\u24D1\\uFF42\\u1E03\\u1E05\\u1E07\\u0180\\u0183\\u0253]","c":"[\\u0063\\u24D2\\uFF43\\u0107\\u0109\\u010B\\u010D\\u00E7\\u1E09\\u0188\\u023C\\uA73F\\u2184]","d":"[\\u0064\\u24D3\\uFF44\\u1E0B\\u010F\\u1E0D\\u1E11\\u1E13\\u1E0F\\u0111\\u018C\\u0256\\u0257\\uA77A]","dz":"[\\u01F3\\u01C6]","e":"[\\u0065\\u24D4\\uFF45\\u00E8\\u00E9\\u00EA\\u1EC1\\u1EBF\\u1EC5\\u1EC3\\u1EBD\\u0113\\u1E15\\u1E17\\u0115\\u0117\\u00EB\\u1EBB\\u011B\\u0205\\u0207\\u1EB9\\u1EC7\\u0229\\u1E1D\\u0119\\u1E19\\u1E1B\\u0247\\u025B\\u01DD]","f":"[\\u0066\\u24D5\\uFF46\\u1E1F\\u0192\\uA77C]","g":"[\\u0067\\u24D6\\uFF47\\u01F5\\u011D\\u1E21\\u011F\\u0121\\u01E7\\u0123\\u01E5\\u0260\\uA7A1\\u1D79\\uA77F]","h":"[\\u0068\\u24D7\\uFF48\\u0125\\u1E23\\u1E27\\u021F\\u1E25\\u1E29\\u1E2B\\u1E96\\u0127\\u2C68\\u2C76\\u0265]","hv":"[\\u0195]","i":"[\\u0069\\u24D8\\uFF49\\u00EC\\u00ED\\u00EE\\u0129\\u012B\\u012D\\u00EF\\u1E2F\\u1EC9\\u01D0\\u0209\\u020B\\u1ECB\\u012F\\u1E2D\\u0268\\u0131]","j":"[\\u006A\\u24D9\\uFF4A\\u0135\\u01F0\\u0249]","k":"[\\u006B\\u24DA\\uFF4B\\u1E31\\u01E9\\u1E33\\u0137\\u1E35\\u0199\\u2C6A\\uA741\\uA743\\uA745\\uA7A3]","l":"[\\u006C\\u24DB\\uFF4C\\u0140\\u013A\\u013E\\u1E37\\u1E39\\u013C\\u1E3D\\u1E3B\\u017F\\u0142\\u019A\\u026B\\u2C61\\uA749\\uA781\\uA747]","lj":"[\\u01C9]","m":"[\\u006D\\u24DC\\uFF4D\\u1E3F\\u1E41\\u1E43\\u0271\\u026F]","n":"[\\u006E\\u24DD\\uFF4E\\u01F9\\u0144\\u00F1\\u1E45\\u0148\\u1E47\\u0146\\u1E4B\\u1E49\\u019E\\u0272\\u0149\\uA791\\uA7A5]","nj":"[\\u01CC]","o":"[\\u006F\\u24DE\\uFF4F\\u00F2\\u00F3\\u00F4\\u1ED3\\u1ED1\\u1ED7\\u1ED5\\u00F5\\u1E4D\\u022D\\u1E4F\\u014D\\u1E51\\u1E53\\u014F\\u022F\\u0231\\u00F6\\u022B\\u1ECF\\u0151\\u01D2\\u020D\\u020F\\u01A1\\u1EDD\\u1EDB\\u1EE1\\u1EDF\\u1EE3\\u1ECD\\u1ED9\\u01EB\\u01ED\\u00F8\\u01FF\\u0254\\uA74B\\uA74D\\u0275]","oi":"[\\u01A3]","ou":"[\\u0223]","oo":"[\\uA74F]","p":"[\\u0070\\u24DF\\uFF50\\u1E55\\u1E57\\u01A5\\u1D7D\\uA751\\uA753\\uA755]","q":"[\\u0071\\u24E0\\uFF51\\u024B\\uA757\\uA759]","r":"[\\u0072\\u24E1\\uFF52\\u0155\\u1E59\\u0159\\u0211\\u0213\\u1E5B\\u1E5D\\u0157\\u1E5F\\u024D\\u027D\\uA75B\\uA7A7\\uA783]","s":"[\\u0073\\u24E2\\uFF53\\u015B\\u1E65\\u015D\\u1E61\\u0161\\u1E67\\u1E63\\u1E69\\u0219\\u015F\\u023F\\uA7A9\\uA785\\u1E9B]","ss":"[\\u00DF]","t":"[\\u0074\\u24E3\\uFF54\\u1E6B\\u1E97\\u0165\\u1E6D\\u021B\\u0163\\u1E71\\u1E6F\\u0167\\u01AD\\u0288\\u2C66\\uA787]","tz":"[\\uA729]","u":"[\\u0075\\u24E4\\uFF55\\u00F9\\u00FA\\u00FB\\u0169\\u1E79\\u016B\\u1E7B\\u016D\\u00FC\\u01DC\\u01D8\\u01D6\\u01DA\\u1EE7\\u016F\\u0171\\u01D4\\u0215\\u0217\\u01B0\\u1EEB\\u1EE9\\u1EEF\\u1EED\\u1EF1\\u1EE5\\u1E73\\u0173\\u1E77\\u1E75\\u0289]","v":"[\\u0076\\u24E5\\uFF56\\u1E7D\\u1E7F\\u028B\\uA75F\\u028C]","vy":"[\\uA761]","w":"[\\u0077\\u24E6\\uFF57\\u1E81\\u1E83\\u0175\\u1E87\\u1E85\\u1E98\\u1E89\\u2C73]","x":"[\\u0078\\u24E7\\uFF58\\u1E8B\\u1E8D]","y":"[\\u0079\\u24E8\\uFF59\\u1EF3\\u00FD\\u0177\\u1EF9\\u0233\\u1E8F\\u00FF\\u1EF7\\u1E99\\u1EF5\\u01B4\\u024F\\u1EFF]","z":"[\\u007A\\u24E9\\uFF5A\\u017A\\u1E91\\u017C\\u017E\\u1E93\\u1E95\\u01B6\\u0225\\u0240\\u2C6C\\uA763]"},"researchesTests":["contentHasTOC","contentHasShortParagraphs","contentHasAssets","keywordInTitle","keywordInMetaDescription","keywordInPermalink","keywordIn10Percent","keywordInContent","keywordInSubheadings","keywordInImageAlt","keywordDensity","keywordNotUsed","lengthContent","lengthPermalink","linksHasInternal","linksHasExternals","linksNotAllExternals","titleStartWithKeyword","titleSentiment","titleHasPowerWords","titleHasNumber","hasContentAI"],"hasRedirection":false,"hasBreadcrumb":false},"homeUrl":"https:\/\/visit.valueservice.cloud\/pl\/","objectID":140064,"objectType":"post","locale":"pl","localeFull":"pl_PL","overlayImages":{"play":{"name":"Ikona PLAY","url":"https:\/\/visit.valueservice.cloud\/wp-content\/plugins\/seo-by-rank-math\/assets\/admin\/img\/icon-play.png","path":"\/home\/visit.valueservice.cloud\/public_html\/wp-content\/plugins\/seo-by-rank-math\/assets\/admin\/img\/icon-play.png","position":"middle_center"},"gif":{"name":"Ikona GIF","url":"https:\/\/visit.valueservice.cloud\/wp-content\/plugins\/seo-by-rank-math\/assets\/admin\/img\/icon-gif.png","path":"\/home\/visit.valueservice.cloud\/public_html\/wp-content\/plugins\/seo-by-rank-math\/assets\/admin\/img\/icon-gif.png","position":"middle_center"}},"defautOgImage":"https:\/\/visit.valueservice.cloud\/wp-content\/plugins\/seo-by-rank-math\/assets\/admin\/img\/social-placeholder.jpg","customPermalinks":true,"isUserRegistered":false,"autoSuggestKeywords":false,"connectSiteUrl":"https:\/\/rankmath.com\/auth?site=https%3A%2F%2Fvisit.valueservice.cloud%2Fpl%2F&r=https%3A%2F%2Fvisit.valueservice.cloud%2Fpl%2Fwp-json%2Fwp%2Fv2%2Fpages%2F140064%3Fnonce%3D443b2691de","maxTags":5,"trendsIcon":"<svg viewBox=\"0 0 610 610\"><path d=\"M18.85,446,174.32,290.48l58.08,58.08L76.93,504a14.54,14.54,0,0,1-20.55,0L18.83,466.48a14.54,14.54,0,0,1,0-20.55Z\" style=\"fill:#4285f4\"\/><path d=\"M242.65,242.66,377.59,377.6l-47.75,47.75a14.54,14.54,0,0,1-20.55,0L174.37,290.43l47.75-47.75A14.52,14.52,0,0,1,242.65,242.66Z\" style=\"fill:#ea4335\"\/><polygon points=\"319.53 319.53 479.26 159.8 537.34 217.88 377.61 377.62 319.53 319.53\" style=\"fill:#fabb05\"\/><path d=\"M594.26,262.73V118.61h0a16.94,16.94,0,0,0-16.94-16.94H433.2a16.94,16.94,0,0,0-12,28.92L565.34,274.71h0a16.94,16.94,0,0,0,28.92-12Z\" style=\"fill:#34a853\"\/><rect width=\"610\" height=\"610\" style=\"fill:none\"\/><\/svg>","showScore":true,"siteFavIcon":"https:\/\/visit.valueservice.cloud\/wp-content\/uploads\/2025\/07\/cropped-VisitBergamo-Favicon-scaled-1-32x32.jpg","canUser":{"general":false,"advanced":false,"snippet":false,"social":false,"analysis":false,"analytics":false,"content_ai":false},"isPro":false,"is_front_page":false,"trendsUpgradeLink":"https:\/\/rankmath.com\/pricing\/?utm_source=Plugin&utm_medium=CE%20General%20Tab%20Trends&utm_campaign=WP","trendsUpgradeLabel":"Ulepszenie","trendsPreviewImage":"https:\/\/visit.valueservice.cloud\/wp-content\/plugins\/seo-by-rank-math\/assets\/admin\/img\/trends-preview.jpg","currentEditor":false,"homepageData":{"assessor":{"powerWords":[],"diacritics":true,"researchesTests":["contentHasTOC","contentHasShortParagraphs","contentHasAssets","keywordInTitle","keywordInMetaDescription","keywordInPermalink","keywordIn10Percent","keywordInContent","keywordInSubheadings","keywordInImageAlt","keywordDensity","keywordNotUsed","lengthContent","lengthPermalink","linksHasInternal","linksHasExternals","linksNotAllExternals","titleStartWithKeyword","titleSentiment","titleHasPowerWords","titleHasNumber","hasContentAI"],"hasBreadcrumb":false,"serpData":{"title":"%sitename% %page% %sep% %sitedesc%","description":"","titleTemplate":"%sitename% %page% %sep% %sitedesc%","descriptionTemplate":"","focusKeywords":"","breadcrumbTitle":"Home","robots":{"index":true},"advancedRobots":{"max-snippet":"-1","max-video-preview":"-1","max-image-preview":"large"},"facebookTitle":"","facebookDescription":"","facebookImage":"","facebookImageID":""}}},"tocTitle":"Table of Contents","tocExcludeHeadings":[],"listStyle":"ul"},"_links":{"self":[{"href":"https:\/\/visit.valueservice.cloud\/pl\/wp-json\/wp\/v2\/pages\/140064","targetHints":{"allow":["GET"]}}],"collection":[{"href":"https:\/\/visit.valueservice.cloud\/pl\/wp-json\/wp\/v2\/pages"}],"about":[{"href":"https:\/\/visit.valueservice.cloud\/pl\/wp-json\/wp\/v2\/types\/page"}],"author":[{"embeddable":true,"href":"https:\/\/visit.valueservice.cloud\/pl\/wp-json\/wp\/v2\/users\/3"}],"replies":[{"embeddable":true,"href":"https:\/\/visit.valueservice.cloud\/pl\/wp-json\/wp\/v2\/comments?post=140064"}],"version-history":[{"count":0,"href":"https:\/\/visit.valueservice.cloud\/pl\/wp-json\/wp\/v2\/pages\/140064\/revisions"}],"wp:attachment":[{"href":"https:\/\/visit.valueservice.cloud\/pl\/wp-json\/wp\/v2\/media?parent=140064"}],"curies":[{"name":"wp","href":"https:\/\/api.w.org\/{rel}","templated":true}]}}